{"id":2752,"date":"2016-08-12T08:39:59","date_gmt":"2016-08-12T08:39:59","guid":{"rendered":"http:\/\/affinity.mikado-themes.com\/?page_id=2752"},"modified":"2023-02-20T09:54:53","modified_gmt":"2023-02-20T08:54:53","slug":"team","status":"publish","type":"page","link":"https:\/\/game-server-germany.de\/?page_id=2752","title":{"rendered":""},"content":{"rendered":"<p>[vc_row][vc_column][vc_empty_space height=&#8220;50px&#8220;][vc_column_text]<\/p>\n<h5><span class=\"gsgyrs\">0<\/span> Jahre ist es nun her, dass im Jahr 2006 der Name &#8222;Game-Server-Germany&#8220; fiel und den Beginn unserer gemeinsamen Reise bedeutete. Mit Kai, Chris und Daniel gab es drei junge Gamer, die dazu motiviert waren eine Community zu gr\u00fcnden und eigene Server zu verwalten. Kontakte wurden gekn\u00fcpft, Freundschaften entstanden, und man entschied sich zusammen mit weiteren Personen an Projekten zu arbeiten, sodass nach Jahren ein famili\u00e4res Beisammen m\u00f6glich war an dem man sich festhalten und mit Freunden die Zeit verbringen konnte. Auch Interessierte und Neulinge finden immer wieder zu uns und sammeln angenehme Erfahrungen. Wir freuen uns \u00fcber jedes neue Gesicht, oder eher jede neue Stimme, und m\u00f6chten unsere Reise auch weiterhin Seite an Seite mit tollen Menschen fortf\u00fchren.<\/h5>\n<p>[\/vc_column_text][vc_empty_space height=&#8220;50px&#8220;][\/vc_column][\/vc_row][vc_row][vc_column][vc_column_text]<\/p>\n<div class=\"tmm tmm_gsg-team tmm-floating-pic\"><div class=\"tmm_3_columns tmm_wrap \"><span class=\"tmm_two_containers_tablet\"><\/span><div class=\"tmm_container tmm-equalizer\"><div class=\"tmm_member \" style=\"border-top:#000000 solid 10px;\"><a target=\"_blank\" href=\"http:\/\/steamcommunity.com\/id\/gsgdani\/\" title=\"GSG | Dani \"><div class=\" tmm_photo tmm_pic_gsg-team_0\" style=\"background: url(https:\/\/game-server-germany.de\/wp-content\/uploads\/2019\/06\/E7D40E5A-6E0A-47A6-9E5B-4A9631FFDC0F.jpeg); margin-left: auto; margin-right:auto; background-size:cover !important;\"><img decoding=\"async\" src=\"https:\/\/game-server-germany.de\/wp-content\/uploads\/2019\/06\/E7D40E5A-6E0A-47A6-9E5B-4A9631FFDC0F.jpeg\" style=\"visibility: hidden; width:100%;\" \/><\/div><\/a><div class=\"tmm_textblock\"><div class=\"tmm_names\"><span class=\"tmm_fname\">GSG | Dani<\/span> <\/div><div class=\"tmm_job\">Gr\u00fcnder &amp; Serveradmin<\/div><div class=\"tmm_desc\" style=\"text-align:center\"><p>Regel 1: Der Admin hat immer Recht!<\/p><\/div><div class=\"tmm_scblock\"><a target=\"_blank\" class=\"tmm_sociallink\" href=\"https:\/\/www.youtube.com\/channel\/UCok5K3UKPCstTrOddlK627Q\" title=\"Youtube\"><img decoding=\"async\" alt=\"Youtube\" src=\"https:\/\/game-server-germany.de\/wp-content\/plugins\/team-members-pro\/inc\/img\/links\/youtube.png\"\/><\/a><a target=\"_blank\" class=\"tmm_sociallink\" href=\"https:\/\/twitter.com\/GSG_Dani\" title=\"Twitter\"><img decoding=\"async\" alt=\"Twitter\" src=\"https:\/\/game-server-germany.de\/wp-content\/plugins\/team-members-pro\/inc\/img\/links\/twitter.png\"\/><\/a><a target=\"_blank\" class=\"tmm_sociallink\" href=\"https:\/\/twitch.tv\/gsgdani\" title=\"Twitch\"><img decoding=\"async\" alt=\"Twitch\" src=\"https:\/\/game-server-germany.de\/wp-content\/plugins\/team-members-pro\/inc\/img\/links\/customlink.png\"\/><\/a><\/div><\/div><\/div><div class=\"tmm_member \" style=\"border-top:#dd3333 solid 10px;\"><a target=\"_blank\" href=\"https:\/\/steamcommunity.com\/id\/Jennx31\" title=\"GSG | JennX31 \"><div class=\" tmm_photo tmm_pic_gsg-team_1\" style=\"background: url(https:\/\/game-server-germany.de\/wp-content\/uploads\/2021\/10\/jenn2.jpg); margin-left: auto; margin-right:auto; background-size:cover !important;\"><img decoding=\"async\" src=\"https:\/\/game-server-germany.de\/wp-content\/uploads\/2021\/10\/jenn2.jpg\" style=\"visibility: hidden; width:100%;\" \/><\/div><\/a><div class=\"tmm_textblock\"><div class=\"tmm_names\"><span class=\"tmm_fname\">GSG | JennX31<\/span> <\/div><div class=\"tmm_job\">Rechte Hand des Admins<\/div><div class=\"tmm_desc\" style=\"text-align:center\"><p>Passt auf alle auf (oder so)<\/p><\/div><div class=\"tmm_scblock\"><a target=\"_blank\" class=\"tmm_sociallink\" href=\"https:\/\/www.twitter.com\/jenn_x31\" title=\"Twitter\"><img decoding=\"async\" alt=\"Twitter\" src=\"https:\/\/game-server-germany.de\/wp-content\/plugins\/team-members-pro\/inc\/img\/links\/twitter.png\"\/><\/a><a target=\"_blank\" class=\"tmm_sociallink\" href=\"https:\/\/twitch.tv\/jennx31\" title=\"Twitch\"><img decoding=\"async\" alt=\"Twitch\" src=\"https:\/\/game-server-germany.de\/wp-content\/plugins\/team-members-pro\/inc\/img\/links\/customlink.png\"\/><\/a><\/div><\/div><\/div><span class=\"tmm_two_containers_tablet\"><\/span><div class=\"tmm_member \" style=\"border-top:#ffd700 solid 10px;\"><a target=\"_blank\" href=\"https:\/\/steamcommunity.com\/id\/gsgfargus\" title=\"GSG | Fargus \"><div class=\" tmm_photo tmm_pic_gsg-team_2\" style=\"background: url(https:\/\/game-server-germany.de\/wp-content\/uploads\/2019\/06\/872F09AC-636E-4C56-B1D4-E067CE4F1EE8.jpeg); margin-left: auto; margin-right:auto; background-size:cover !important;\"><img decoding=\"async\" src=\"https:\/\/game-server-germany.de\/wp-content\/uploads\/2019\/06\/872F09AC-636E-4C56-B1D4-E067CE4F1EE8.jpeg\" style=\"visibility: hidden; width:100%;\" \/><\/div><\/a><div class=\"tmm_textblock\"><div class=\"tmm_names\"><span class=\"tmm_fname\">GSG | Fargus<\/span> <\/div><div class=\"tmm_job\">Linke Hand des Admins<\/div><div class=\"tmm_desc\" style=\"text-align:center\"><p>Der Gorilla im Affenstall<\/p><\/div><div class=\"tmm_scblock\"><a target=\"_blank\" class=\"tmm_sociallink\" href=\"https:\/\/www.youtube.com\/channel\/UCH0ElW0YX7a59ognUL82-Yw\" title=\"Youtube\"><img decoding=\"async\" alt=\"Youtube\" src=\"https:\/\/game-server-germany.de\/wp-content\/plugins\/team-members-pro\/inc\/img\/links\/youtube.png\"\/><\/a><a target=\"_blank\" class=\"tmm_sociallink\" href=\"https:\/\/twitter.com\/GSGFargus\" title=\"Twitter\"><img decoding=\"async\" alt=\"Twitter\" src=\"https:\/\/game-server-germany.de\/wp-content\/plugins\/team-members-pro\/inc\/img\/links\/twitter.png\"\/><\/a><a target=\"_blank\" class=\"tmm_sociallink\" href=\"https:\/\/twitch.tv\/gsgfargus\" title=\"Twitch\"><img decoding=\"async\" alt=\"Twitch\" src=\"https:\/\/game-server-germany.de\/wp-content\/plugins\/team-members-pro\/inc\/img\/links\/customlink.png\"\/><\/a><\/div><\/div><\/div><\/div><span class=\"tmm_columns_containers_desktop\"><\/span><div class=\"tmm_container tmm-equalizer\"><div class=\"tmm_member \" style=\"border-top:#00ff00 solid 10px;\"><a target=\"_blank\" href=\"https:\/\/steamcommunity.com\/profiles\/76561198042508499\" title=\"GSG | Browny93 \"><div class=\" tmm_photo tmm_pic_gsg-team_3\" style=\"background: url(https:\/\/game-server-germany.de\/wp-content\/uploads\/2019\/06\/1A59511E-92AB-46E3-8649-7979459138B6.jpeg); margin-left: auto; margin-right:auto; background-size:cover !important;\"><img decoding=\"async\" src=\"https:\/\/game-server-germany.de\/wp-content\/uploads\/2019\/06\/1A59511E-92AB-46E3-8649-7979459138B6.jpeg\" style=\"visibility: hidden; width:100%;\" \/><\/div><\/a><div class=\"tmm_textblock\"><div class=\"tmm_names\"><span class=\"tmm_fname\">GSG | Browny93<\/span> <\/div><div class=\"tmm_job\">Mr. Video-Highlights<\/div><div class=\"tmm_desc\" style=\"text-align:center\"><p>Schlaganfall vorprogrammiert<\/p><\/div><div class=\"tmm_scblock\"><\/div><\/div><\/div><span class=\"tmm_two_containers_tablet\"><\/span><div class=\"tmm_member \" style=\"border-top:#ff00bf solid 10px;\"><a target=\"_blank\" href=\"https:\/\/steamcommunity.com\/id\/DJToxica\" title=\"GSG | DJToxica \"><div class=\" tmm_photo tmm_pic_gsg-team_4\" style=\"background: url(https:\/\/game-server-germany.de\/wp-content\/uploads\/2019\/06\/648143CD-A88A-4084-BEE6-644F266E2815.jpeg); margin-left: auto; margin-right:auto; background-size:cover !important;\"><img decoding=\"async\" src=\"https:\/\/game-server-germany.de\/wp-content\/uploads\/2019\/06\/648143CD-A88A-4084-BEE6-644F266E2815.jpeg\" style=\"visibility: hidden; width:100%;\" \/><\/div><\/a><div class=\"tmm_textblock\"><div class=\"tmm_names\"><span class=\"tmm_fname\">GSG | DJToxica<\/span> <\/div><div class=\"tmm_job\">Der Bastler<\/div><div class=\"tmm_desc\" style=\"text-align:center\"><p>Helfen? Das macht 5 Golderz.<\/p><\/div><div class=\"tmm_scblock\"><\/div><\/div><\/div><div class=\"tmm_member \" style=\"border-top:#ff9e00 solid 10px;\"><a target=\"_blank\" href=\"https:\/\/steamcommunity.com\/id\/5TARFOX\" title=\"GSG | STARFOX \"><div class=\" tmm_photo tmm_pic_gsg-team_5\" style=\"background: url(https:\/\/game-server-germany.de\/wp-content\/uploads\/2019\/06\/9178E81E-6270-40CE-B79A-61DF039BB64F.jpeg); margin-left: auto; margin-right:auto; background-size:cover !important;\"><img decoding=\"async\" src=\"https:\/\/game-server-germany.de\/wp-content\/uploads\/2019\/06\/9178E81E-6270-40CE-B79A-61DF039BB64F.jpeg\" style=\"visibility: hidden; width:100%;\" \/><\/div><\/a><div class=\"tmm_textblock\"><div class=\"tmm_names\"><span class=\"tmm_fname\">GSG | STARFOX<\/span> <\/div><div class=\"tmm_job\">Aimbot<\/div><div class=\"tmm_desc\" style=\"text-align:center\"><p>Hat halt immer an<\/p><\/div><div class=\"tmm_scblock\"><a target=\"_blank\" class=\"tmm_sociallink\" href=\"https:\/\/twitter.com\/STARFOX258\" title=\"Twitter\"><img decoding=\"async\" alt=\"Twitter\" src=\"https:\/\/game-server-germany.de\/wp-content\/plugins\/team-members-pro\/inc\/img\/links\/twitter.png\"\/><\/a><a target=\"_blank\" class=\"tmm_sociallink\" href=\"https:\/\/www.twitch.tv\/starfox258\" title=\"Twitch\"><img decoding=\"async\" alt=\"Twitch\" src=\"https:\/\/game-server-germany.de\/wp-content\/plugins\/team-members-pro\/inc\/img\/links\/customlink.png\"\/><\/a><\/div><\/div><\/div><span class=\"tmm_two_containers_tablet\"><\/span><\/div><span class=\"tmm_columns_containers_desktop\"><\/span><div class=\"tmm_container tmm-equalizer\"><div class=\"tmm_member \" style=\"border-top:#dd9933 solid 10px;\"><a target=\"_blank\" href=\"https:\/\/steamcommunity.com\/id\/crash993\" title=\"GSG | Crash! \"><div class=\" tmm_photo tmm_pic_gsg-team_6\" style=\"background: url(https:\/\/game-server-germany.de\/wp-content\/uploads\/2019\/06\/1BE4DF0E-957B-4E37-8781-D37182D03432.jpeg); margin-left: auto; margin-right:auto; background-size:cover !important;\"><img decoding=\"async\" src=\"https:\/\/game-server-germany.de\/wp-content\/uploads\/2019\/06\/1BE4DF0E-957B-4E37-8781-D37182D03432.jpeg\" style=\"visibility: hidden; width:100%;\" \/><\/div><\/a><div class=\"tmm_textblock\"><div class=\"tmm_names\"><span class=\"tmm_fname\">GSG | Crash!<\/span> <\/div><div class=\"tmm_job\">Mitglied<\/div><div class=\"tmm_desc\" style=\"text-align:center\"><p>Einfach schwer in Ordnung<\/p><\/div><div class=\"tmm_scblock\"><\/div><\/div><\/div><div class=\"tmm_member \" style=\"border-top:#35f8ff solid 10px;\"><a target=\"_blank\" href=\"https:\/\/steamcommunity.com\/profiles\/76561198179286989\" title=\"GSG | Sven \"><div class=\" tmm_photo tmm_pic_gsg-team_7\" style=\"background: url(https:\/\/game-server-germany.de\/wp-content\/uploads\/2019\/07\/C2390A64-D8F3-43C1-AD6C-6BDB76AB9C8B.jpeg); margin-left: auto; margin-right:auto; background-size:cover !important;\"><img decoding=\"async\" src=\"https:\/\/game-server-germany.de\/wp-content\/uploads\/2019\/07\/C2390A64-D8F3-43C1-AD6C-6BDB76AB9C8B.jpeg\" style=\"visibility: hidden; width:100%;\" \/><\/div><\/a><div class=\"tmm_textblock\"><div class=\"tmm_names\"><span class=\"tmm_fname\">GSG | Sven<\/span> <\/div><div class=\"tmm_job\">Mitglied<\/div><div class=\"tmm_desc\" style=\"text-align:center\">Na \u00e4hm<\/div><div class=\"tmm_scblock\"><\/div><\/div><\/div><span class=\"tmm_two_containers_tablet\"><\/span><div class=\"tmm_member \" style=\"border-top:#6000a6 solid 10px;\"><a target=\"_blank\" href=\"https:\/\/steamcommunity.com\/id\/noctis1994\" title=\"GSG | Noctis \"><div class=\" tmm_photo tmm_pic_gsg-team_8\" style=\"background: url(https:\/\/game-server-germany.de\/wp-content\/uploads\/2019\/06\/DF0FB86E-DCA8-4A8D-B429-0FA6CB2DC054.jpeg); margin-left: auto; margin-right:auto; background-size:cover !important;\"><img decoding=\"async\" src=\"https:\/\/game-server-germany.de\/wp-content\/uploads\/2019\/06\/DF0FB86E-DCA8-4A8D-B429-0FA6CB2DC054.jpeg\" style=\"visibility: hidden; width:100%;\" \/><\/div><\/a><div class=\"tmm_textblock\"><div class=\"tmm_names\"><span class=\"tmm_fname\">GSG | Noctis<\/span> <\/div><div class=\"tmm_job\">Mitglied<\/div><div class=\"tmm_desc\" style=\"text-align:center\"><p>Das ist eindeutig zweideutig.<\/p><\/div><div class=\"tmm_scblock\"><a target=\"_blank\" class=\"tmm_sociallink\" href=\"https:\/\/www.youtube.com\/channel\/UC5KfZUN5UNba5FWBmXj1eJw\" title=\"Youtube\"><img decoding=\"async\" alt=\"Youtube\" src=\"https:\/\/game-server-germany.de\/wp-content\/plugins\/team-members-pro\/inc\/img\/links\/youtube.png\"\/><\/a><a target=\"_blank\" class=\"tmm_sociallink\" href=\"https:\/\/twitter.com\/Void_Absorber\" title=\"Twitter\"><img decoding=\"async\" alt=\"Twitter\" src=\"https:\/\/game-server-germany.de\/wp-content\/plugins\/team-members-pro\/inc\/img\/links\/twitter.png\"\/><\/a><a target=\"_blank\" class=\"tmm_sociallink\" href=\"https:\/\/www.twitch.tv\/7greendevil\" title=\"Twitch\"><img decoding=\"async\" alt=\"Twitch\" src=\"https:\/\/game-server-germany.de\/wp-content\/plugins\/team-members-pro\/inc\/img\/links\/customlink.png\"\/><\/a><\/div><\/div><\/div><\/div><span class=\"tmm_columns_containers_desktop\"><\/span><div class=\"tmm_container tmm-equalizer\"><div class=\"tmm_member \" style=\"border-top:#ffbfd1 solid 10px;\"><a target=\"_blank\" href=\"https:\/\/steamcommunity.com\/profiles\/76561198838203953\/\" title=\"GSG | Clintwood \"><div class=\" tmm_photo tmm_pic_gsg-team_9\" style=\"background: url(https:\/\/game-server-germany.de\/wp-content\/uploads\/2020\/04\/72C858C4-B165-4E1F-B53B-AF039631AAF8.jpg); margin-left: auto; margin-right:auto; background-size:cover !important;\"><img decoding=\"async\" src=\"https:\/\/game-server-germany.de\/wp-content\/uploads\/2020\/04\/72C858C4-B165-4E1F-B53B-AF039631AAF8.jpg\" style=\"visibility: hidden; width:100%;\" \/><\/div><\/a><div class=\"tmm_textblock\"><div class=\"tmm_names\"><span class=\"tmm_fname\">GSG | Clintwood<\/span> <\/div><div class=\"tmm_job\">Mitglied<\/div><div class=\"tmm_desc\" style=\"text-align:center\"><p>Reality is overrated.<\/p><\/div><div class=\"tmm_scblock\"><\/div><\/div><\/div><span class=\"tmm_two_containers_tablet\"><\/span><div class=\"tmm_member \" style=\"border-top:#340e9c solid 10px;\"><a target=\"_blank\" href=\"https:\/\/steamcommunity.com\/profiles\/76561198020501649\" title=\"GSG | Sandoric \"><div class=\" tmm_photo tmm_pic_gsg-team_10\" style=\"background: url(https:\/\/game-server-germany.de\/wp-content\/uploads\/2021\/10\/sand.jpg); margin-left: auto; margin-right:auto; background-size:cover !important;\"><img decoding=\"async\" src=\"https:\/\/game-server-germany.de\/wp-content\/uploads\/2021\/10\/sand.jpg\" style=\"visibility: hidden; width:100%;\" \/><\/div><\/a><div class=\"tmm_textblock\"><div class=\"tmm_names\"><span class=\"tmm_fname\">GSG | Sandoric<\/span> <\/div><div class=\"tmm_job\">Mitglied<\/div><div class=\"tmm_desc\" style=\"text-align:center\"><p>Altersdurchschnitt rauf!<\/p><\/div><div class=\"tmm_scblock\"><\/div><\/div><\/div><div style=\"clear:both;\"><\/div><\/div><\/div><\/div>\n<p>[\/vc_column_text][\/vc_column][\/vc_row][vc_row][vc_column][vc_raw_js]JTNDc2NyaXB0JTIwdHlwZSUzRCUyMnRleHQlMkZqYXZhc2NyaXB0JTIyJTNFJTBBZnVuY3Rpb24lMjBjYWxjdWxhdGVBZ2UlMjhiaXJ0aGRheSUyOSUyMCU3QiUyMCUyRiUyRiUyMGJpcnRoZGF5JTIwaXMlMjBhJTIwZGF0ZSUwQSUwOXZhciUyMGFnZURpZk1zJTIwJTNEJTIwRGF0ZS5ub3clMjglMjklMjAtJTIwYmlydGhkYXkuZ2V0VGltZSUyOCUyOSUzQiUwQSUwOXZhciUyMGFnZURhdGUlMjAlM0QlMjBuZXclMjBEYXRlJTI4YWdlRGlmTXMlMjklM0IlMjAlMkYlMkYlMjBtaWxpc2Vjb25kcyUyMGZyb20lMjBlcG9jaCUwQSUwOXJldHVybiUyME1hdGguYWJzJTI4YWdlRGF0ZS5nZXRVVENGdWxsWWVhciUyOCUyOSUyMC0lMjAxOTcwJTI5JTNCJTBBJTdEJTBBJTBBdmFyJTIwZ3NnVGltZSUyMCUzRCUyMG5ldyUyMERhdGUlMjgyMDA2JTJDJTIwMDElMkMlMjAwMSUyOSUzQiUyMCUwQXdpbmRvdy5hZGRFdmVudExpc3RlbmVyJTI4JTI3bG9hZCUyNyUyQyUyMGZ1bmN0aW9uJTIwJTI4JTI5JTIwJTdCJTBBJTIwJTIwalF1ZXJ5JTI4JTI3LmdzZ3lycyUyNyUyOS5odG1sJTI4Y2FsY3VsYXRlQWdlJTI4Z3NnVGltZSUyOSUyOSUwQSU3RCUyOSUwQSUzQyUyRnNjcmlwdCUzRQ==[\/vc_raw_js][\/vc_column][\/vc_row][vc_row][vc_column][vc_text_separator title=&#8220;In memory of&#8220;][\/vc_column][\/vc_row][vc_row][vc_column][vc_column_text]<div class=\"tmm tmm_in-memory-of tmm-floating-pic\"><div class=\"tmm_3_columns tmm_wrap \"><span class=\"tmm_two_containers_tablet\"><\/span><div class=\"tmm_container \"><div class=\"tmm_member \" style=\"border-top:#444444 solid 5px;\"><div class=\"tmm_textblock\"><div class=\"tmm_names\"><span class=\"tmm_fname\">GSG | Chris<\/span> <\/div><div class=\"tmm_job\">\u2020 22.01.2023<\/div><div class=\"tmm_scblock\"><\/div><\/div><\/div><div class=\"tmm_member \" style=\"border-top:#444444 solid 5px;\"><div class=\"tmm_textblock\"><div class=\"tmm_names\"><span class=\"tmm_fname\">GSG | DangerousKiwi<\/span> <\/div><div class=\"tmm_job\">\u2020 14.02.2020<\/div><div class=\"tmm_scblock\"><\/div><\/div><\/div><div style=\"clear:both;\"><\/div><\/div><\/div><\/div>[\/vc_column_text][\/vc_column][\/vc_row]<\/p>\n","protected":false},"excerpt":{"rendered":"<p>[vc_row][vc_column][vc_empty_space height=&#8220;50px&#8220;][vc_column_text] 0 Jahre ist es nun her, dass im Jahr 2006 der Name &#8222;Game-Server-Germany&#8220; fiel und den Beginn unserer gemeinsamen Reise bedeutete. Mit Kai, Chris und Daniel gab es drei junge Gamer, die dazu motiviert waren eine Community zu gr\u00fcnden und eigene Server zu&#8230;<\/p>\n","protected":false},"author":1,"featured_media":0,"parent":0,"menu_order":0,"comment_status":"closed","ping_status":"closed","template":"","meta":{"footnotes":""},"_links":{"self":[{"href":"https:\/\/game-server-germany.de\/index.php?rest_route=\/wp\/v2\/pages\/2752"}],"collection":[{"href":"https:\/\/game-server-germany.de\/index.php?rest_route=\/wp\/v2\/pages"}],"about":[{"href":"https:\/\/game-server-germany.de\/index.php?rest_route=\/wp\/v2\/types\/page"}],"author":[{"embeddable":true,"href":"https:\/\/game-server-germany.de\/index.php?rest_route=\/wp\/v2\/users\/1"}],"replies":[{"embeddable":true,"href":"https:\/\/game-server-germany.de\/index.php?rest_route=%2Fwp%2Fv2%2Fcomments&post=2752"}],"version-history":[{"count":62,"href":"https:\/\/game-server-germany.de\/index.php?rest_route=\/wp\/v2\/pages\/2752\/revisions"}],"predecessor-version":[{"id":17102,"href":"https:\/\/game-server-germany.de\/index.php?rest_route=\/wp\/v2\/pages\/2752\/revisions\/17102"}],"wp:attachment":[{"href":"https:\/\/game-server-germany.de\/index.php?rest_route=%2Fwp%2Fv2%2Fmedia&parent=2752"}],"curies":[{"name":"wp","href":"https:\/\/api.w.org\/{rel}","templated":true}]}}