{"id":16894,"date":"2019-12-21T23:51:30","date_gmt":"2019-12-21T22:51:30","guid":{"rendered":"https:\/\/game-server-germany.eu\/?page_id=16894"},"modified":"2020-02-04T20:18:20","modified_gmt":"2020-02-04T19:18:20","slug":"bewerben-2","status":"publish","type":"page","link":"https:\/\/game-server-germany.de\/?page_id=16894","title":{"rendered":"Timeline"},"content":{"rendered":"<p>[vc_row css=&#8220;.vc_custom_1574455645447{margin-bottom: 50px !important;}&#8220;][vc_column css=&#8220;.vc_custom_1574455661039{margin-bottom: 20px !important;}&#8220;][vc_column_text]\t\t\t<section id=\"cd-timeline\" class=\"cd-container timeline-express\">\n\n\t\t\t\n<div class=\"cd-timeline-block dezember 16 2020 announcement-17065\">\n\n\t\n\t\t<div class=\"cd-timeline-img cd-picture icon-no-readmore\" style=\"background:#6441a4;\">\n\n\t\t\t<!-- Custom Action Hook -->\n\t\t\t\n\t\t\t\t<!-- Standard Font Awesome Icon -->\n\t\t\t\t<span class=\"fa fa-twitch\" title=\"Ende des Minecraft Kurzprojektes &#8211; Weihnachtsmarkt\"><\/span>\n\n\t\t\t\n\t\t<\/div> <!-- cd-timeline-img -->\n\n\t\n\t<!-- Timeline Content -->\n\t<div class=\"cd-timeline-content\">\n\n\t\t\n\t\t<!-- Announcement Title -->\n\t\t<div class=\"cd-timeline-title-container\">\n\n\t\t\t\n\t\t\t<h2 class=\"cd-timeline-item-title\">\n\t\t\t\tEnde des Minecraft Kurzprojektes &#8211; Weihnachtsmarkt\t\t\t<\/h2>\n\n\t\t\t\t\t\t\t<p class=\"timeline-date\">\n\t\t\t\t\t16. Dezember 2020\t\t\t\t<\/p>\n\t\t\t\t\t\t<\/div>\n\t\t<!-- End Announcement Title -->\n\n\t\t<img loading=\"lazy\" decoding=\"async\" width=\"320\" height=\"120\" src=\"https:\/\/game-server-germany.de\/wp-content\/uploads\/2021\/04\/xmas_2020_end.jpg\" class=\"announcement-banner-image\" alt=\"Ende des Minecraft Kurzprojektes &#8211; Weihnachtsmarkt\" \/>\n\t\t<!-- Announcement Excerpt -->\n\t\t<div class=\"the-excerpt\">\n\t\t\t<p>Knapp eine Woche vor Heiligabend war es soweit.. das Weihnachtsbauprojekt 2020 fand ein Ende.<br \/>\nVon einem gro\u00dfen Weihnachtsbaum, \u00fcber eine Bummelbahn rund um und durch den Markt bis hin zu einer Sauna haben wir alles was das Herz begehrt dabei.<\/p>\n<p>Der diesj\u00e4hrige Besuch auf dem Weihnachtsmarkt musste leider gestrichen werden, aber daf\u00fcr nehmen wir euch nun mit auf eine<strong> <a href=\"https:\/\/www.youtube.com\/watch?v=OYbBWYl36Rk\" target=\"_blank\" rel=\"noopener\">Tour<\/a> <\/strong>durch den<br \/>\ngesamten GSG-Weihnachtsmarkt&#8230;<\/p>\n\t\t<\/div>\n\t\t<!-- End Announcement Excerpt -->\n\n\t\t\n\t<\/div>\n\t<!-- End Timeline Content -->\n\n<\/div>\n<!-- End Timeline Block -->\n\n<div class=\"cd-timeline-block november 29 2020 announcement-17054\">\n\n\t\n\t\t<div class=\"cd-timeline-img cd-picture icon-no-readmore\" style=\"background:#6441a4;\">\n\n\t\t\t<!-- Custom Action Hook -->\n\t\t\t\n\t\t\t\t<!-- Standard Font Awesome Icon -->\n\t\t\t\t<span class=\"fa fa-twitch\" title=\"Start des Minecraft Kurzprojektes &#8211; Weihnachtsmarkt\"><\/span>\n\n\t\t\t\n\t\t<\/div> <!-- cd-timeline-img -->\n\n\t\n\t<!-- Timeline Content -->\n\t<div class=\"cd-timeline-content\">\n\n\t\t\n\t\t<!-- Announcement Title -->\n\t\t<div class=\"cd-timeline-title-container\">\n\n\t\t\t\n\t\t\t<h2 class=\"cd-timeline-item-title\">\n\t\t\t\tStart des Minecraft Kurzprojektes &#8211; Weihnachtsmarkt\t\t\t<\/h2>\n\n\t\t\t\t\t\t\t<p class=\"timeline-date\">\n\t\t\t\t\t29. November 2020\t\t\t\t<\/p>\n\t\t\t\t\t\t<\/div>\n\t\t<!-- End Announcement Title -->\n\n\t\t<img loading=\"lazy\" decoding=\"async\" width=\"350\" height=\"120\" src=\"https:\/\/game-server-germany.de\/wp-content\/uploads\/2020\/12\/gsgxmas_2020-350x120.jpg\" class=\"announcement-banner-image\" alt=\"Start des Minecraft Kurzprojektes &#8211; Weihnachtsmarkt\" \/>\n\t\t<!-- Announcement Excerpt -->\n\t\t<div class=\"the-excerpt\">\n\t\t\t<p>Passend zur Winterzeit starteten wir erneut ein neues Projekt. Einen Weihnachtsmarkt im MC-Creative. Wie auch im letzten Jahr, konntet ihr den Bau live auf Twitch mitverfolgen. Vom ersten Block bis zur finalen Deko.<\/p>\n\t\t<\/div>\n\t\t<!-- End Announcement Excerpt -->\n\n\t\t\n\t<\/div>\n\t<!-- End Timeline Content -->\n\n<\/div>\n<!-- End Timeline Block -->\n\n<div class=\"cd-timeline-block februar 07 2020 announcement-16996\">\n\n\t\n\t\t<div class=\"cd-timeline-img cd-picture icon-no-readmore\" style=\"background:#81d742;\">\n\n\t\t\t<!-- Custom Action Hook -->\n\t\t\t\n\t\t\t\t<!-- Standard Font Awesome Icon -->\n\t\t\t\t<span class=\"fa fa-cubes\" title=\"Start des GSG-MC-Survival-Community-Servers\"><\/span>\n\n\t\t\t\n\t\t<\/div> <!-- cd-timeline-img -->\n\n\t\n\t<!-- Timeline Content -->\n\t<div class=\"cd-timeline-content\">\n\n\t\t\n\t\t<!-- Announcement Title -->\n\t\t<div class=\"cd-timeline-title-container\">\n\n\t\t\t\n\t\t\t<h2 class=\"cd-timeline-item-title\">\n\t\t\t\tStart des GSG-MC-Survival-Community-Servers\t\t\t<\/h2>\n\n\t\t\t\t\t\t\t<p class=\"timeline-date\">\n\t\t\t\t\t7. Februar 2020\t\t\t\t<\/p>\n\t\t\t\t\t\t<\/div>\n\t\t<!-- End Announcement Title -->\n\n\t\t<img loading=\"lazy\" decoding=\"async\" width=\"350\" height=\"120\" src=\"https:\/\/game-server-germany.de\/wp-content\/uploads\/2020\/02\/2020-02-12_16.08.29-350x120.png\" class=\"announcement-banner-image\" alt=\"Start des GSG-MC-Survival-Community-Servers\" \/>\n\t\t<!-- Announcement Excerpt -->\n\t\t<div class=\"the-excerpt\">\n\t\t\t<p>An diesem Tag startete unser Community Minecraft Server. Wir freuen uns darauf viele neue Mitspieler begr\u00fc\u00dfen zu d\u00fcrfen \ud83d\ude42<\/p>\n\t\t<\/div>\n\t\t<!-- End Announcement Excerpt -->\n\n\t\t\n\t<\/div>\n\t<!-- End Timeline Content -->\n\n<\/div>\n<!-- End Timeline Block -->\n\n<div class=\"cd-timeline-block dezember 31 2019 announcement-16959\">\n\n\t\n\t\t<div class=\"cd-timeline-img cd-picture icon-no-readmore\" style=\"background:#dd3333;\">\n\n\t\t\t<!-- Custom Action Hook -->\n\t\t\t\n\t\t\t\t<!-- Standard Font Awesome Icon -->\n\t\t\t\t<span class=\"fa fa-fire\" title=\"Silvester 2019\/20\"><\/span>\n\n\t\t\t\n\t\t<\/div> <!-- cd-timeline-img -->\n\n\t\n\t<!-- Timeline Content -->\n\t<div class=\"cd-timeline-content\">\n\n\t\t\n\t\t<!-- Announcement Title -->\n\t\t<div class=\"cd-timeline-title-container\">\n\n\t\t\t\n\t\t\t<h2 class=\"cd-timeline-item-title\">\n\t\t\t\tSilvester 2019\/20\t\t\t<\/h2>\n\n\t\t\t\t\t\t\t<p class=\"timeline-date\">\n\t\t\t\t\t31. Dezember 2019\t\t\t\t<\/p>\n\t\t\t\t\t\t<\/div>\n\t\t<!-- End Announcement Title -->\n\n\t\t<img loading=\"lazy\" decoding=\"async\" width=\"350\" height=\"120\" src=\"https:\/\/game-server-germany.de\/wp-content\/uploads\/2020\/02\/happy-new-year-1063797_1920-350x120.jpg\" class=\"announcement-banner-image\" alt=\"Silvester 2019\/20\" \/>\n\t\t<!-- Announcement Excerpt -->\n\t\t<div class=\"the-excerpt\">\n\t\t\t<p>2020 kam mit gro\u00dfen Schritten angerannt und 2019 ging \u00fcberraschend zu Ende. Dementsprechend chaotisch ging dann doch die Planung aus. Nach vielem hin und her und einigen Tr\u00e4nen schafften wir es dennoch alles einigerma\u00dfen zu organisieren.<\/p>\n\t\t<\/div>\n\t\t<!-- End Announcement Excerpt -->\n\n\t\t\n\t<\/div>\n\t<!-- End Timeline Content -->\n\n<\/div>\n<!-- End Timeline Block -->\n\n<div class=\"cd-timeline-block dezember 21 2019 announcement-16893\">\n\n\t\n\t\t<div class=\"cd-timeline-img cd-picture icon-no-readmore\" style=\"background:#6441a4;\">\n\n\t\t\t<!-- Custom Action Hook -->\n\t\t\t\n\t\t\t\t<!-- Standard Font Awesome Icon -->\n\t\t\t\t<span class=\"fa fa-twitch\" title=\"Ende des Minecraft Kurzprojektes &#8211; XXL Lebkuchenhaus\"><\/span>\n\n\t\t\t\n\t\t<\/div> <!-- cd-timeline-img -->\n\n\t\n\t<!-- Timeline Content -->\n\t<div class=\"cd-timeline-content\">\n\n\t\t\n\t\t<!-- Announcement Title -->\n\t\t<div class=\"cd-timeline-title-container\">\n\n\t\t\t\n\t\t\t<h2 class=\"cd-timeline-item-title\">\n\t\t\t\tEnde des Minecraft Kurzprojektes &#8211; XXL Lebkuchenhaus\t\t\t<\/h2>\n\n\t\t\t\t\t\t\t<p class=\"timeline-date\">\n\t\t\t\t\t21. Dezember 2019\t\t\t\t<\/p>\n\t\t\t\t\t\t<\/div>\n\t\t<!-- End Announcement Title -->\n\n\t\t<img loading=\"lazy\" decoding=\"async\" width=\"350\" height=\"120\" src=\"https:\/\/game-server-germany.de\/wp-content\/uploads\/2020\/02\/2019-12-21_21.53.08-350x120.png\" class=\"announcement-banner-image\" alt=\"Ende des Minecraft Kurzprojektes &#8211; XXL Lebkuchenhaus\" \/>\n\t\t<!-- Announcement Excerpt -->\n\t\t<div class=\"the-excerpt\">\n\t\t\t<p>Kurz vor der Weihnachtszeit beendeten wir ganz stolz das Bauprojekt Lebkuchenhaus XXL. Zus\u00e4tzlich gab es einen liebevoll hergerichteten Vorgarten mit riesigem Weihnachtsbaum und auf Wunsch eines Zuschauers bauten wir noch einen wirklich gelungenen Weihnachtstruck dazu.<\/p>\n\t\t<\/div>\n\t\t<!-- End Announcement Excerpt -->\n\n\t\t\n\t<\/div>\n\t<!-- End Timeline Content -->\n\n<\/div>\n<!-- End Timeline Block -->\n\n<div class=\"cd-timeline-block dezember 03 2019 announcement-16892\">\n\n\t\n\t\t<div class=\"cd-timeline-img cd-picture icon-no-readmore\" style=\"background:#6441a4;\">\n\n\t\t\t<!-- Custom Action Hook -->\n\t\t\t\n\t\t\t\t<!-- Standard Font Awesome Icon -->\n\t\t\t\t<span class=\"fa fa-twitch\" title=\"Start des Minecraft Kurzprojektes &#8211; XXL Lebkuchenhaus\"><\/span>\n\n\t\t\t\n\t\t<\/div> <!-- cd-timeline-img -->\n\n\t\n\t<!-- Timeline Content -->\n\t<div class=\"cd-timeline-content\">\n\n\t\t\n\t\t<!-- Announcement Title -->\n\t\t<div class=\"cd-timeline-title-container\">\n\n\t\t\t\n\t\t\t<h2 class=\"cd-timeline-item-title\">\n\t\t\t\tStart des Minecraft Kurzprojektes &#8211; XXL Lebkuchenhaus\t\t\t<\/h2>\n\n\t\t\t\t\t\t\t<p class=\"timeline-date\">\n\t\t\t\t\t3. Dezember 2019\t\t\t\t<\/p>\n\t\t\t\t\t\t<\/div>\n\t\t<!-- End Announcement Title -->\n\n\t\t<img loading=\"lazy\" decoding=\"async\" width=\"350\" height=\"120\" src=\"https:\/\/game-server-germany.de\/wp-content\/uploads\/2020\/02\/2019-12-03_22.03.33-350x120.png\" class=\"announcement-banner-image\" alt=\"Start des Minecraft Kurzprojektes &#8211; XXL Lebkuchenhaus\" \/>\n\t\t<!-- Announcement Excerpt -->\n\t\t<div class=\"the-excerpt\">\n\t\t\t<p>Passend zur Winterzeit starteten wir ein neues Projekt. Ein XXL Lebkuchenhaus im MC-Creative. Live konntet ihr den Bau auf Twitch mitverfolgen. Vom ersten Block bis zum letzten Ziegel.<\/p>\n\t\t<\/div>\n\t\t<!-- End Announcement Excerpt -->\n\n\t\t\n\t<\/div>\n\t<!-- End Timeline Content -->\n\n<\/div>\n<!-- End Timeline Block -->\n\n<div class=\"cd-timeline-block juni 28 2019 announcement-16913\">\n\n\t\n\t\t<div class=\"cd-timeline-img cd-picture icon-no-readmore\" style=\"background:#1e73be;\">\n\n\t\t\t<!-- Custom Action Hook -->\n\t\t\t\n\t\t\t\t<!-- Standard Font Awesome Icon -->\n\t\t\t\t<span class=\"fa fa-edge\" title=\"Webseite in neuem Glanz!\"><\/span>\n\n\t\t\t\n\t\t<\/div> <!-- cd-timeline-img -->\n\n\t\n\t<!-- Timeline Content -->\n\t<div class=\"cd-timeline-content\">\n\n\t\t\n\t\t<!-- Announcement Title -->\n\t\t<div class=\"cd-timeline-title-container\">\n\n\t\t\t\n\t\t\t<h2 class=\"cd-timeline-item-title\">\n\t\t\t\tWebseite in neuem Glanz!\t\t\t<\/h2>\n\n\t\t\t\t\t\t\t<p class=\"timeline-date\">\n\t\t\t\t\t28. Juni 2019\t\t\t\t<\/p>\n\t\t\t\t\t\t<\/div>\n\t\t<!-- End Announcement Title -->\n\n\t\t<img loading=\"lazy\" decoding=\"async\" width=\"350\" height=\"120\" src=\"https:\/\/game-server-germany.de\/wp-content\/uploads\/2019\/12\/homepage-350x120.jpg\" class=\"announcement-banner-image\" alt=\"Webseite in neuem Glanz!\" \/>\n\t\t<!-- Announcement Excerpt -->\n\t\t<div class=\"the-excerpt\">\n\t\t\t<p>Viele Jahre ging es zwischen kleiner, zum Teil von Hand geschriebener, Webseiten und diversen Foren hin und her, so richtig zufrieden waren wir aber nie. Drum entschieden wir uns f\u00fcr ein neues Design mit diversen Umbauten. Seit dem \u00e4ndern und updaten wir st\u00e4ndig neue Inhalte.<\/p>\n\t\t<\/div>\n\t\t<!-- End Announcement Excerpt -->\n\n\t\t\n\t<\/div>\n\t<!-- End Timeline Content -->\n\n<\/div>\n<!-- End Timeline Block -->\n\n<div class=\"cd-timeline-block april 22 2019 announcement-16904\">\n\n\t\n\t\t<div class=\"cd-timeline-img cd-picture icon-no-readmore\" style=\"background:#3a7cff;\">\n\n\t\t\t<!-- Custom Action Hook -->\n\t\t\t\n\t\t\t\t<!-- Standard Font Awesome Icon -->\n\t\t\t\t<span class=\"fa fa-gamepad\" title=\"GSG LAN 2019\"><\/span>\n\n\t\t\t\n\t\t<\/div> <!-- cd-timeline-img -->\n\n\t\n\t<!-- Timeline Content -->\n\t<div class=\"cd-timeline-content\">\n\n\t\t\n\t\t<!-- Announcement Title -->\n\t\t<div class=\"cd-timeline-title-container\">\n\n\t\t\t\n\t\t\t<h2 class=\"cd-timeline-item-title\">\n\t\t\t\tGSG LAN 2019\t\t\t<\/h2>\n\n\t\t\t\t\t\t\t<p class=\"timeline-date\">\n\t\t\t\t\t22. April 2019\t\t\t\t<\/p>\n\t\t\t\t\t\t<\/div>\n\t\t<!-- End Announcement Title -->\n\n\t\t<img loading=\"lazy\" decoding=\"async\" width=\"350\" height=\"120\" src=\"https:\/\/game-server-germany.de\/wp-content\/uploads\/2019\/12\/lan_19-350x120.jpg\" class=\"announcement-banner-image\" alt=\"GSG LAN 2019\" \/>\n\t\t<!-- Announcement Excerpt -->\n\t\t<div class=\"the-excerpt\">\n\t\t\t<p>In Erinnerung an die GSG LAN 2019! Der Countdown f\u00fcr 2020 l\u00e4uft! Eines unserer Mitglieder feierte einen runden Geburtstag, weswegen wir zusammengelegt haben um ihm eine richtige Freude machen zu k\u00f6nnen. Deswegen die Schleife im Bild. &lt;3<\/p>\n\t\t<\/div>\n\t\t<!-- End Announcement Excerpt -->\n\n\t\t\n\t<\/div>\n\t<!-- End Timeline Content -->\n\n<\/div>\n<!-- End Timeline Block -->\n\n<div class=\"cd-timeline-block april 04 2019 announcement-16983\">\n\n\t\n\t\t<div class=\"cd-timeline-img cd-picture icon-no-readmore\" style=\"background:#8224e3;\">\n\n\t\t\t<!-- Custom Action Hook -->\n\t\t\t\n\t\t\t\t<!-- Standard Font Awesome Icon -->\n\t\t\t\t<span class=\"fa fa-twitch\" title=\"Der Wechsel zu Twitch\"><\/span>\n\n\t\t\t\n\t\t<\/div> <!-- cd-timeline-img -->\n\n\t\n\t<!-- Timeline Content -->\n\t<div class=\"cd-timeline-content\">\n\n\t\t\n\t\t<!-- Announcement Title -->\n\t\t<div class=\"cd-timeline-title-container\">\n\n\t\t\t\n\t\t\t<h2 class=\"cd-timeline-item-title\">\n\t\t\t\tDer Wechsel zu Twitch\t\t\t<\/h2>\n\n\t\t\t\t\t\t\t<p class=\"timeline-date\">\n\t\t\t\t\t4. April 2019\t\t\t\t<\/p>\n\t\t\t\t\t\t<\/div>\n\t\t<!-- End Announcement Title -->\n\n\t\t<img loading=\"lazy\" decoding=\"async\" width=\"350\" height=\"120\" src=\"https:\/\/game-server-germany.de\/wp-content\/uploads\/2020\/02\/hqdefault-350x120.jpg\" class=\"announcement-banner-image\" alt=\"Der Wechsel zu Twitch\" \/>\n\t\t<!-- Announcement Excerpt -->\n\t\t<div class=\"the-excerpt\">\n\t\t\t<p>An diesem Tag sind wir, zumindest mit dem live-streaming, von YouTube auf Twitch gewechselt.<\/p>\n\t\t<\/div>\n\t\t<!-- End Announcement Excerpt -->\n\n\t\t\n\t<\/div>\n\t<!-- End Timeline Content -->\n\n<\/div>\n<!-- End Timeline Block -->\n\n<div class=\"cd-timeline-block dezember 31 2018 announcement-16935\">\n\n\t\n\t\t<div class=\"cd-timeline-img cd-picture icon-no-readmore\" style=\"background:#dd3333;\">\n\n\t\t\t<!-- Custom Action Hook -->\n\t\t\t\n\t\t\t\t<!-- Standard Font Awesome Icon -->\n\t\t\t\t<span class=\"fa fa-fire\" title=\"Silvester 2018\/19\"><\/span>\n\n\t\t\t\n\t\t<\/div> <!-- cd-timeline-img -->\n\n\t\n\t<!-- Timeline Content -->\n\t<div class=\"cd-timeline-content\">\n\n\t\t\n\t\t<!-- Announcement Title -->\n\t\t<div class=\"cd-timeline-title-container\">\n\n\t\t\t\n\t\t\t<h2 class=\"cd-timeline-item-title\">\n\t\t\t\tSilvester 2018\/19\t\t\t<\/h2>\n\n\t\t\t\t\t\t\t<p class=\"timeline-date\">\n\t\t\t\t\t31. Dezember 2018\t\t\t\t<\/p>\n\t\t\t\t\t\t<\/div>\n\t\t<!-- End Announcement Title -->\n\n\t\t<img loading=\"lazy\" decoding=\"async\" width=\"350\" height=\"120\" src=\"https:\/\/game-server-germany.de\/wp-content\/uploads\/2019\/12\/silvester_18-350x120.jpg\" class=\"announcement-banner-image\" alt=\"Silvester 2018\/19\" \/>\n\t\t<!-- Announcement Excerpt -->\n\t\t<div class=\"the-excerpt\">\n\t\t\t<p>Ein Jahr ging zu Ende, ein recht kompliziertes und aufregendes Jahr aber dennoch voller sch\u00f6ner Ereignisse. Ein Teil des GSG Teams hatte sich zusammen getan um im Kreise das alte Jahr gem\u00fctlich ausklingen zu lassen und das neue mit lautem Geschepper willkommen zu hei\u00dfen. XD<\/p>\n\t\t<\/div>\n\t\t<!-- End Announcement Excerpt -->\n\n\t\t\n\t<\/div>\n\t<!-- End Timeline Content -->\n\n<\/div>\n<!-- End Timeline Block -->\n\n<div class=\"cd-timeline-block april 02 2018 announcement-16905\">\n\n\t\n\t\t<div class=\"cd-timeline-img cd-picture icon-no-readmore\" style=\"background:#3a7cff;\">\n\n\t\t\t<!-- Custom Action Hook -->\n\t\t\t\n\t\t\t\t<!-- Standard Font Awesome Icon -->\n\t\t\t\t<span class=\"fa fa-gamepad\" title=\"GSG LAN 2018\"><\/span>\n\n\t\t\t\n\t\t<\/div> <!-- cd-timeline-img -->\n\n\t\n\t<!-- Timeline Content -->\n\t<div class=\"cd-timeline-content\">\n\n\t\t\n\t\t<!-- Announcement Title -->\n\t\t<div class=\"cd-timeline-title-container\">\n\n\t\t\t\n\t\t\t<h2 class=\"cd-timeline-item-title\">\n\t\t\t\tGSG LAN 2018\t\t\t<\/h2>\n\n\t\t\t\t\t\t\t<p class=\"timeline-date\">\n\t\t\t\t\t2. April 2018\t\t\t\t<\/p>\n\t\t\t\t\t\t<\/div>\n\t\t<!-- End Announcement Title -->\n\n\t\t<img loading=\"lazy\" decoding=\"async\" width=\"350\" height=\"120\" src=\"https:\/\/game-server-germany.de\/wp-content\/uploads\/2019\/12\/lan_18-350x120.jpg\" class=\"announcement-banner-image\" alt=\"GSG LAN 2018\" \/>\n\t\t<!-- Announcement Excerpt -->\n\t\t<div class=\"the-excerpt\">\n\t\t\t<p>In Erinnerung an die GSG LAN 2018! Der Countdown f\u00fcr 2019 l\u00e4uft! Mittlerweile wurde es zu einer Tradition, dass wir an einem Tag, w\u00e4hrend der LAN, zus\u00e4tzliche Aktivit\u00e4ten unternehmen. Sei es der Besuch in einem Freizeitpark, oder wie hier zu sehen der Besuch im Kino.<\/p>\n\t\t<\/div>\n\t\t<!-- End Announcement Excerpt -->\n\n\t\t\n\t<\/div>\n\t<!-- End Timeline Content -->\n\n<\/div>\n<!-- End Timeline Block -->\n\n<div class=\"cd-timeline-block oktober 03 2017 announcement-16908\">\n\n\t\n\t\t<div class=\"cd-timeline-img cd-picture icon-no-readmore\" style=\"background:#3a7cff;\">\n\n\t\t\t<!-- Custom Action Hook -->\n\t\t\t\n\t\t\t\t<!-- Standard Font Awesome Icon -->\n\t\t\t\t<span class=\"fa fa-gamepad\" title=\"GSG LAN 2017\"><\/span>\n\n\t\t\t\n\t\t<\/div> <!-- cd-timeline-img -->\n\n\t\n\t<!-- Timeline Content -->\n\t<div class=\"cd-timeline-content\">\n\n\t\t\n\t\t<!-- Announcement Title -->\n\t\t<div class=\"cd-timeline-title-container\">\n\n\t\t\t\n\t\t\t<h2 class=\"cd-timeline-item-title\">\n\t\t\t\tGSG LAN 2017\t\t\t<\/h2>\n\n\t\t\t\t\t\t\t<p class=\"timeline-date\">\n\t\t\t\t\t3. Oktober 2017\t\t\t\t<\/p>\n\t\t\t\t\t\t<\/div>\n\t\t<!-- End Announcement Title -->\n\n\t\t<img loading=\"lazy\" decoding=\"async\" width=\"350\" height=\"120\" src=\"https:\/\/game-server-germany.de\/wp-content\/uploads\/2019\/12\/lan_17-350x120.jpg\" class=\"announcement-banner-image\" alt=\"GSG LAN 2017\" \/>\n\t\t<!-- Announcement Excerpt -->\n\t\t<div class=\"the-excerpt\">\n\t\t\t<p>In Erinnerung an die GSG LAN 2017! Der Countdown f\u00fcr 2018 l\u00e4uft! Auf Grund dessen, dass die Anzahl der Teilnehmer stetig wuchs, fand diese LAN das erste Mal in einem nahegelegenen Vereinshaus statt. Was definitiv alles vereinfachen solle.<\/p>\n\t\t<\/div>\n\t\t<!-- End Announcement Excerpt -->\n\n\t\t\n\t<\/div>\n\t<!-- End Timeline Content -->\n\n<\/div>\n<!-- End Timeline Block -->\n\n<div class=\"cd-timeline-block august 01 2016 announcement-16982\">\n\n\t\n\t\t<div class=\"cd-timeline-img cd-picture icon-no-readmore\" style=\"background:#dd3333;\">\n\n\t\t\t<!-- Custom Action Hook -->\n\t\t\t\n\t\t\t\t<!-- Standard Font Awesome Icon -->\n\t\t\t\t<span class=\"fa fa-youtube\" title=\"Der erste Stream!\"><\/span>\n\n\t\t\t\n\t\t<\/div> <!-- cd-timeline-img -->\n\n\t\n\t<!-- Timeline Content -->\n\t<div class=\"cd-timeline-content\">\n\n\t\t\n\t\t<!-- Announcement Title -->\n\t\t<div class=\"cd-timeline-title-container\">\n\n\t\t\t\n\t\t\t<h2 class=\"cd-timeline-item-title\">\n\t\t\t\tDer erste Stream!\t\t\t<\/h2>\n\n\t\t\t\t\t\t\t<p class=\"timeline-date\">\n\t\t\t\t\t1. August 2016\t\t\t\t<\/p>\n\t\t\t\t\t\t<\/div>\n\t\t<!-- End Announcement Title -->\n\n\t\t<img loading=\"lazy\" decoding=\"async\" width=\"350\" height=\"120\" src=\"https:\/\/game-server-germany.de\/wp-content\/uploads\/2020\/02\/DnciXcLX0AEdzux-350x120.jpg\" class=\"announcement-banner-image\" alt=\"Der erste Stream!\" \/>\n\t\t<!-- Announcement Excerpt -->\n\t\t<div class=\"the-excerpt\">\n\t\t\t<p>Nun sollte das Elend seinen Anfang nehmen und ihr durftet darunter leiden was wir so von uns geben. Es wurde viel ausprobiert und gemacht, geweint und gelacht.<\/p>\n\t\t<\/div>\n\t\t<!-- End Announcement Excerpt -->\n\n\t\t\n\t<\/div>\n\t<!-- End Timeline Content -->\n\n<\/div>\n<!-- End Timeline Block -->\n\n<div class=\"cd-timeline-block m\u00e4rz 16 2012 announcement-16906\">\n\n\t\n\t\t<div class=\"cd-timeline-img cd-picture icon-no-readmore\" style=\"background:#3a7cff;\">\n\n\t\t\t<!-- Custom Action Hook -->\n\t\t\t\n\t\t\t\t<!-- Standard Font Awesome Icon -->\n\t\t\t\t<span class=\"fa fa-gamepad\" title=\"Die erste LAN unter dem Namen GSG\"><\/span>\n\n\t\t\t\n\t\t<\/div> <!-- cd-timeline-img -->\n\n\t\n\t<!-- Timeline Content -->\n\t<div class=\"cd-timeline-content\">\n\n\t\t\n\t\t<!-- Announcement Title -->\n\t\t<div class=\"cd-timeline-title-container\">\n\n\t\t\t\n\t\t\t<h2 class=\"cd-timeline-item-title\">\n\t\t\t\tDie erste LAN unter dem Namen GSG\t\t\t<\/h2>\n\n\t\t\t\t\t\t\t<p class=\"timeline-date\">\n\t\t\t\t\t16. M\u00e4rz 2012\t\t\t\t<\/p>\n\t\t\t\t\t\t<\/div>\n\t\t<!-- End Announcement Title -->\n\n\t\t<img loading=\"lazy\" decoding=\"async\" width=\"205\" height=\"58\" src=\"https:\/\/game-server-germany.de\/wp-content\/uploads\/2018\/05\/GSGLogo_small.png\" class=\"announcement-banner-image\" alt=\"Die erste LAN unter dem Namen GSG\" \/>\n\t\t<!-- Announcement Excerpt -->\n\t\t<div class=\"the-excerpt\">\n\t\t\t<p>Hier hat alles begonnen&#8230; Die erste LAN Party! Bis heute veranstalten wir jedes Jahr mindestens eine. In diesem Jahr fand nicht nur die Erste sondern auch gleich zwei weitere statt und wie immer waren wir schnell \u00fcberf\u00fcllt.<\/p>\n\t\t<\/div>\n\t\t<!-- End Announcement Excerpt -->\n\n\t\t\n\t<\/div>\n\t<!-- End Timeline Content -->\n\n<\/div>\n<!-- End Timeline Block -->\n\n<div class=\"cd-timeline-block august 28 2009 announcement-16920\">\n\n\t\n\t\t<div class=\"cd-timeline-img cd-picture icon-no-readmore\" style=\"background:#dd9933;\">\n\n\t\t\t<!-- Custom Action Hook -->\n\t\t\t\n\t\t\t\t<!-- Standard Font Awesome Icon -->\n\t\t\t\t<span class=\"fa fa-gamepad\" title=\"Das erste gro\u00dfe Clangame &#8211; Warsow\"><\/span>\n\n\t\t\t\n\t\t<\/div> <!-- cd-timeline-img -->\n\n\t\n\t<!-- Timeline Content -->\n\t<div class=\"cd-timeline-content\">\n\n\t\t\n\t\t<!-- Announcement Title -->\n\t\t<div class=\"cd-timeline-title-container\">\n\n\t\t\t\n\t\t\t<h2 class=\"cd-timeline-item-title\">\n\t\t\t\tDas erste gro\u00dfe Clangame &#8211; Warsow\t\t\t<\/h2>\n\n\t\t\t\t\t\t\t<p class=\"timeline-date\">\n\t\t\t\t\t28. August 2009\t\t\t\t<\/p>\n\t\t\t\t\t\t<\/div>\n\t\t<!-- End Announcement Title -->\n\n\t\t<img loading=\"lazy\" decoding=\"async\" width=\"320\" height=\"50\" src=\"https:\/\/game-server-germany.de\/wp-content\/uploads\/2019\/12\/warsow.png\" class=\"announcement-banner-image\" alt=\"Das erste gro\u00dfe Clangame &#8211; Warsow\" \/>\n\t\t<!-- Announcement Excerpt -->\n\t\t<div class=\"the-excerpt\">\n\t\t\t<p>Gro\u00dfe Popularit\u00e4t erhielt GSG zum ersten Mal im Arena-Shooter Warsow. Wir konnten nicht nur mit eigenen Servern punkten, sondern auch mit den speziell f\u00fcr die Vorlieben der meisten Spieler optimierten Einstellungen. Zu Topzeiten hatten wir \u00fcber 70 aktive Mitglieder.<\/p>\n\t\t<\/div>\n\t\t<!-- End Announcement Excerpt -->\n\n\t\t\n\t<\/div>\n\t<!-- End Timeline Content -->\n\n<\/div>\n<!-- End Timeline Block -->\n\n<div class=\"cd-timeline-block dezember 31 2006 announcement-16903\">\n\n\t\n\t\t<div class=\"cd-timeline-img cd-picture icon-no-readmore\" style=\"background:#81d742;\">\n\n\t\t\t<!-- Custom Action Hook -->\n\t\t\t\n\t\t\t\t<!-- Standard Font Awesome Icon -->\n\t\t\t\t<span class=\"fa fa-crosshairs\" title=\"Gr\u00fcndung von Game-Server-Germany\"><\/span>\n\n\t\t\t\n\t\t<\/div> <!-- cd-timeline-img -->\n\n\t\n\t<!-- Timeline Content -->\n\t<div class=\"cd-timeline-content\">\n\n\t\t\n\t\t<!-- Announcement Title -->\n\t\t<div class=\"cd-timeline-title-container\">\n\n\t\t\t\n\t\t\t<h2 class=\"cd-timeline-item-title\">\n\t\t\t\tGr\u00fcndung von Game-Server-Germany\t\t\t<\/h2>\n\n\t\t\t\t\t\t\t<p class=\"timeline-date\">\n\t\t\t\t\t31. Dezember 2006\t\t\t\t<\/p>\n\t\t\t\t\t\t<\/div>\n\t\t<!-- End Announcement Title -->\n\n\t\t<img loading=\"lazy\" decoding=\"async\" width=\"350\" height=\"20\" src=\"https:\/\/game-server-germany.de\/wp-content\/uploads\/2018\/05\/GSGLogo_transparent.png\" class=\"announcement-banner-image\" alt=\"Gr\u00fcndung von Game-Server-Germany\" \/>\n\t\t<!-- Announcement Excerpt -->\n\t\t<div class=\"the-excerpt\">\n\t\t\t<p>Kein Plan von irgendetwas, aber den Traum von etwas Gro\u00dfem. So entstand die Idee, diesen Gaming-Clan am Silvester-Countdown zu gr\u00fcnden. Seitdem sind viele Mitglieder gekommen und gegangen, bis sich ein Stamm gefunden hat, der den Traum dieser Zeit wieder in die Hand nimmt.<\/p>\n\t\t<\/div>\n\t\t<!-- End Announcement Excerpt -->\n\n\t\t\n\t<\/div>\n\t<!-- End Timeline Content -->\n\n<\/div>\n<!-- End Timeline Block -->\n\n\t\t\t<\/section>\n\n\t\t\t<!-- Timeline Express Free v1.8.1 | Site: https:\/\/www.wp-timelineexpress.com | Author: CodeParrots - http:\/\/www.codeparrots.com -->[\/vc_column_text][\/vc_column][\/vc_row]<\/p>\n","protected":false},"excerpt":{"rendered":"<p>[vc_row css=&#8220;.vc_custom_1574455645447{margin-bottom: 50px !important;}&#8220;][vc_column css=&#8220;.vc_custom_1574455661039{margin-bottom: 20px !important;}&#8220;][vc_column_text][\/vc_column_text][\/vc_column][\/vc_row]<\/p>\n","protected":false},"author":1,"featured_media":0,"parent":0,"menu_order":0,"comment_status":"closed","ping_status":"closed","template":"","meta":{"footnotes":""},"_links":{"self":[{"href":"https:\/\/game-server-germany.de\/index.php?rest_route=\/wp\/v2\/pages\/16894"}],"collection":[{"href":"https:\/\/game-server-germany.de\/index.php?rest_route=\/wp\/v2\/pages"}],"about":[{"href":"https:\/\/game-server-germany.de\/index.php?rest_route=\/wp\/v2\/types\/page"}],"author":[{"embeddable":true,"href":"https:\/\/game-server-germany.de\/index.php?rest_route=\/wp\/v2\/users\/1"}],"replies":[{"embeddable":true,"href":"https:\/\/game-server-germany.de\/index.php?rest_route=%2Fwp%2Fv2%2Fcomments&post=16894"}],"version-history":[{"count":3,"href":"https:\/\/game-server-germany.de\/index.php?rest_route=\/wp\/v2\/pages\/16894\/revisions"}],"predecessor-version":[{"id":16994,"href":"https:\/\/game-server-germany.de\/index.php?rest_route=\/wp\/v2\/pages\/16894\/revisions\/16994"}],"wp:attachment":[{"href":"https:\/\/game-server-germany.de\/index.php?rest_route=%2Fwp%2Fv2%2Fmedia&parent=16894"}],"curies":[{"name":"wp","href":"https:\/\/api.w.org\/{rel}","templated":true}]}}